{"id":10,"date":"2024-06-14T14:27:13","date_gmt":"2024-06-14T14:27:13","guid":{"rendered":"https:\/\/demosites.royal-elementor-addons.com\/financial-services-v1\/?page_id=10"},"modified":"2025-10-07T12:49:18","modified_gmt":"2025-10-07T12:49:18","slug":"services","status":"publish","type":"page","link":"https:\/\/skandiapartners.com\/da\/services\/","title":{"rendered":"Tjenester"},"content":{"rendered":"<div data-elementor-type=\"wp-page\" data-elementor-id=\"10\" class=\"elementor elementor-10\">\n\t\t\t\t<div class=\"elementor-element elementor-element-0580e27 e-flex e-con-boxed wpr-particle-no wpr-jarallax-no wpr-parallax-no wpr-sticky-section-no wpr-equal-height-no e-con e-parent\" data-id=\"0580e27\" data-element_type=\"container\" data-e-type=\"container\" data-settings=\"{&quot;background_background&quot;:&quot;classic&quot;}\">\n\t\t\t\t\t<div class=\"e-con-inner\">\n\t\t\t\t<div class=\"elementor-element elementor-element-f1a85f1 elementor-widget elementor-widget-heading\" data-id=\"f1a85f1\" data-element_type=\"widget\" data-e-type=\"widget\" data-widget_type=\"heading.default\">\n\t\t\t\t\t<h1 class=\"elementor-heading-title elementor-size-default\">Tjenester<\/h1>\t\t\t\t<\/div>\n\t\t\t\t\t<\/div>\n\t\t\t\t<\/div>\n\t\t<div class=\"elementor-element elementor-element-94ec379 e-flex e-con-boxed wpr-particle-no wpr-jarallax-no wpr-parallax-no wpr-sticky-section-no wpr-equal-height-no e-con e-parent\" data-id=\"94ec379\" data-element_type=\"container\" data-e-type=\"container\">\n\t\t\t\t\t<div class=\"e-con-inner\">\n\t\t<div class=\"elementor-element elementor-element-6cb12aa e-flex e-con-boxed wpr-particle-no wpr-jarallax-no wpr-parallax-no wpr-sticky-section-no wpr-equal-height-no e-con e-child\" data-id=\"6cb12aa\" data-element_type=\"container\" data-e-type=\"container\">\n\t\t\t\t\t<div class=\"e-con-inner\">\n\t\t<div class=\"elementor-element elementor-element-4d541d6 e-con-full e-flex wpr-particle-no wpr-jarallax-no wpr-parallax-no wpr-sticky-section-no wpr-equal-height-no e-con e-child\" data-id=\"4d541d6\" data-element_type=\"container\" data-e-type=\"container\">\n\t\t\t\t<div class=\"elementor-element elementor-element-d5452f7 elementor-widget elementor-widget-heading\" data-id=\"d5452f7\" data-element_type=\"widget\" data-e-type=\"widget\" data-widget_type=\"heading.default\">\n\t\t\t\t\t<h2 class=\"elementor-heading-title elementor-size-default\">Professionelle tjenester<br> til strategisk forretningsv\u00e6kst\n<\/h2>\t\t\t\t<\/div>\n\t\t\t\t<div class=\"elementor-element elementor-element-a9d7526 elementor-widget elementor-widget-text-editor\" data-id=\"a9d7526\" data-element_type=\"widget\" data-e-type=\"widget\" data-widget_type=\"text-editor.default\">\n\t\t\t\t\t\t\t\t\t<p>We help companies expand efficiently with tailored strategies, market research, and partnerships. Nordic insight ensures clarity, measurable results,&lt;br&gt; and sustainable success for every organization we work with.<\/p>\t\t\t\t\t\t\t\t<\/div>\n\t\t<div class=\"elementor-element elementor-element-e7d14b3 e-grid e-con-boxed wpr-particle-no wpr-jarallax-no wpr-parallax-no wpr-sticky-section-no wpr-equal-height-no e-con e-child\" data-id=\"e7d14b3\" data-element_type=\"container\" data-e-type=\"container\">\n\t\t\t\t\t<div class=\"e-con-inner\">\n\t\t\t\t<div class=\"elementor-element elementor-element-308f68f elementor-position-top elementor-invisible elementor-widget elementor-widget-image-box\" data-id=\"308f68f\" data-element_type=\"widget\" data-e-type=\"widget\" data-settings=\"{&quot;_animation&quot;:&quot;zoomIn&quot;}\" data-widget_type=\"image-box.default\">\n\t\t\t\t\t<div class=\"elementor-image-box-wrapper\"><figure class=\"elementor-image-box-img\"><img fetchpriority=\"high\" decoding=\"async\" width=\"430\" height=\"430\" src=\"https:\/\/skandiapartners.com\/wp-content\/uploads\/2024\/06\/Services-1.png\" class=\"attachment-full size-full wp-image-858\" alt=\"\" srcset=\"https:\/\/skandiapartners.com\/wp-content\/uploads\/2024\/06\/Services-1.png 430w, https:\/\/skandiapartners.com\/wp-content\/uploads\/2024\/06\/Services-1-300x300.png 300w, https:\/\/skandiapartners.com\/wp-content\/uploads\/2024\/06\/Services-1-150x150.png 150w\" sizes=\"(max-width: 430px) 100vw, 430px\" \/><\/figure><div class=\"elementor-image-box-content\"><h3 class=\"elementor-image-box-title\">Financial Services<\/h3><p class=\"elementor-image-box-description\">Vi hj\u00e6lper virksomheder med at vokse gennem strategi, partnerskaber og klar forretningsindsigt.<\/p><\/div><\/div>\t\t\t\t<\/div>\n\t\t\t\t<div class=\"elementor-element elementor-element-11fc218 elementor-position-top elementor-invisible elementor-widget elementor-widget-image-box\" data-id=\"11fc218\" data-element_type=\"widget\" data-e-type=\"widget\" data-settings=\"{&quot;_animation&quot;:&quot;zoomIn&quot;,&quot;_animation_delay&quot;:100}\" data-widget_type=\"image-box.default\">\n\t\t\t\t\t<div class=\"elementor-image-box-wrapper\"><figure class=\"elementor-image-box-img\"><img decoding=\"async\" width=\"430\" height=\"430\" src=\"https:\/\/skandiapartners.com\/wp-content\/uploads\/2024\/06\/Services-2.png\" class=\"attachment-full size-full wp-image-859\" alt=\"\" srcset=\"https:\/\/skandiapartners.com\/wp-content\/uploads\/2024\/06\/Services-2.png 430w, https:\/\/skandiapartners.com\/wp-content\/uploads\/2024\/06\/Services-2-300x300.png 300w, https:\/\/skandiapartners.com\/wp-content\/uploads\/2024\/06\/Services-2-150x150.png 150w\" sizes=\"(max-width: 430px) 100vw, 430px\" \/><\/figure><div class=\"elementor-image-box-content\"><h3 class=\"elementor-image-box-title\">Virksomhedsr\u00e5dgivning<\/h3><p class=\"elementor-image-box-description\">Vores team vejleder virksomheder i at optimere drift, strategi og global ekspansion.<\/p><\/div><\/div>\t\t\t\t<\/div>\n\t\t\t\t<div class=\"elementor-element elementor-element-d445d1e elementor-position-top elementor-invisible elementor-widget elementor-widget-image-box\" data-id=\"d445d1e\" data-element_type=\"widget\" data-e-type=\"widget\" data-settings=\"{&quot;_animation&quot;:&quot;zoomIn&quot;,&quot;_animation_delay&quot;:200}\" data-widget_type=\"image-box.default\">\n\t\t\t\t\t<div class=\"elementor-image-box-wrapper\"><figure class=\"elementor-image-box-img\"><img decoding=\"async\" width=\"430\" height=\"431\" src=\"https:\/\/skandiapartners.com\/wp-content\/uploads\/2024\/06\/Services-3.png\" class=\"attachment-full size-full wp-image-860\" alt=\"\" srcset=\"https:\/\/skandiapartners.com\/wp-content\/uploads\/2024\/06\/Services-3.png 430w, https:\/\/skandiapartners.com\/wp-content\/uploads\/2024\/06\/Services-3-300x300.png 300w, https:\/\/skandiapartners.com\/wp-content\/uploads\/2024\/06\/Services-3-150x150.png 150w\" sizes=\"(max-width: 430px) 100vw, 430px\" \/><\/figure><div class=\"elementor-image-box-content\"><h3 class=\"elementor-image-box-title\">Investeringstjenester<\/h3><p class=\"elementor-image-box-description\">Vi r\u00e5dgiver om investeringer, partnerskaber og v\u00e6kstmuligheder i udlandet.<\/p><\/div><\/div>\t\t\t\t<\/div>\n\t\t\t\t<div class=\"elementor-element elementor-element-a3462ac elementor-position-top elementor-invisible elementor-widget elementor-widget-image-box\" data-id=\"a3462ac\" data-element_type=\"widget\" data-e-type=\"widget\" data-settings=\"{&quot;_animation&quot;:&quot;zoomIn&quot;,&quot;_animation_delay&quot;:300}\" data-widget_type=\"image-box.default\">\n\t\t\t\t\t<div class=\"elementor-image-box-wrapper\"><figure class=\"elementor-image-box-img\"><img loading=\"lazy\" decoding=\"async\" width=\"430\" height=\"430\" src=\"https:\/\/skandiapartners.com\/wp-content\/uploads\/2024\/06\/Services-5.png\" class=\"attachment-full size-full wp-image-862\" alt=\"\" srcset=\"https:\/\/skandiapartners.com\/wp-content\/uploads\/2024\/06\/Services-5.png 430w, https:\/\/skandiapartners.com\/wp-content\/uploads\/2024\/06\/Services-5-300x300.png 300w, https:\/\/skandiapartners.com\/wp-content\/uploads\/2024\/06\/Services-5-150x150.png 150w\" sizes=\"(max-width: 430px) 100vw, 430px\" \/><\/figure><div class=\"elementor-image-box-content\"><h3 class=\"elementor-image-box-title\">Iv\u00e6rks\u00e6tterydelser<\/h3><p class=\"elementor-image-box-description\">Skandia Partners st\u00f8tter startups med strategi, markedsadgang og partnerskaber.<\/p><\/div><\/div>\t\t\t\t<\/div>\n\t\t\t\t<div class=\"elementor-element elementor-element-7a8b561 elementor-position-top elementor-invisible elementor-widget elementor-widget-image-box\" data-id=\"7a8b561\" data-element_type=\"widget\" data-e-type=\"widget\" data-settings=\"{&quot;_animation&quot;:&quot;zoomIn&quot;,&quot;_animation_delay&quot;:400}\" data-widget_type=\"image-box.default\">\n\t\t\t\t\t<div class=\"elementor-image-box-wrapper\"><figure class=\"elementor-image-box-img\"><img loading=\"lazy\" decoding=\"async\" width=\"431\" height=\"431\" src=\"https:\/\/skandiapartners.com\/wp-content\/uploads\/2024\/06\/Services-4.png\" class=\"attachment-full size-full wp-image-861\" alt=\"\" srcset=\"https:\/\/skandiapartners.com\/wp-content\/uploads\/2024\/06\/Services-4.png 431w, https:\/\/skandiapartners.com\/wp-content\/uploads\/2024\/06\/Services-4-300x300.png 300w, https:\/\/skandiapartners.com\/wp-content\/uploads\/2024\/06\/Services-4-150x150.png 150w\" sizes=\"(max-width: 431px) 100vw, 431px\" \/><\/figure><div class=\"elementor-image-box-content\"><h3 class=\"elementor-image-box-title\">Formueforvaltning<\/h3><p class=\"elementor-image-box-description\">Vi hj\u00e6lper organisationer med at styre ressourcer, v\u00e6kst og strategisk planl\u00e6gning.<\/p><\/div><\/div>\t\t\t\t<\/div>\n\t\t\t\t<div class=\"elementor-element elementor-element-1cd39f8 elementor-position-top elementor-invisible elementor-widget elementor-widget-image-box\" data-id=\"1cd39f8\" data-element_type=\"widget\" data-e-type=\"widget\" data-settings=\"{&quot;_animation&quot;:&quot;zoomIn&quot;,&quot;_animation_delay&quot;:500}\" data-widget_type=\"image-box.default\">\n\t\t\t\t\t<div class=\"elementor-image-box-wrapper\"><figure class=\"elementor-image-box-img\"><img loading=\"lazy\" decoding=\"async\" width=\"431\" height=\"431\" src=\"https:\/\/skandiapartners.com\/wp-content\/uploads\/2024\/06\/Services-6.png\" class=\"attachment-full size-full wp-image-863\" alt=\"\" srcset=\"https:\/\/skandiapartners.com\/wp-content\/uploads\/2024\/06\/Services-6.png 431w, https:\/\/skandiapartners.com\/wp-content\/uploads\/2024\/06\/Services-6-300x300.png 300w, https:\/\/skandiapartners.com\/wp-content\/uploads\/2024\/06\/Services-6-150x150.png 150w\" sizes=\"(max-width: 431px) 100vw, 431px\" \/><\/figure><div class=\"elementor-image-box-content\"><h3 class=\"elementor-image-box-title\">Ejendomsplanl\u00e6gning<\/h3><p class=\"elementor-image-box-description\">Vi vejleder virksomheder om successionsplanl\u00e6gning, ressourceudnyttelse og kontinuitet.<\/p><\/div><\/div>\t\t\t\t<\/div>\n\t\t\t\t<div class=\"elementor-element elementor-element-17dd7ee elementor-position-top elementor-invisible elementor-widget elementor-widget-image-box\" data-id=\"17dd7ee\" data-element_type=\"widget\" data-e-type=\"widget\" data-settings=\"{&quot;_animation&quot;:&quot;zoomIn&quot;,&quot;_animation_delay&quot;:600}\" data-widget_type=\"image-box.default\">\n\t\t\t\t\t<div class=\"elementor-image-box-wrapper\"><figure class=\"elementor-image-box-img\"><img loading=\"lazy\" decoding=\"async\" width=\"430\" height=\"431\" src=\"https:\/\/skandiapartners.com\/wp-content\/uploads\/2024\/06\/Services-7.png\" class=\"attachment-full size-full wp-image-864\" alt=\"\" srcset=\"https:\/\/skandiapartners.com\/wp-content\/uploads\/2024\/06\/Services-7.png 430w, https:\/\/skandiapartners.com\/wp-content\/uploads\/2024\/06\/Services-7-300x300.png 300w, https:\/\/skandiapartners.com\/wp-content\/uploads\/2024\/06\/Services-7-150x150.png 150w\" sizes=\"(max-width: 430px) 100vw, 430px\" \/><\/figure><div class=\"elementor-image-box-content\"><h3 class=\"elementor-image-box-title\">Forsikringstjenester<\/h3><p class=\"elementor-image-box-description\">Vi r\u00e5dgiver virksomheder om risiko, beskyttelse og strategier til at sikre v\u00e6kst.<\/p><\/div><\/div>\t\t\t\t<\/div>\n\t\t\t\t<div class=\"elementor-element elementor-element-184bfa2 elementor-position-top elementor-invisible elementor-widget elementor-widget-image-box\" data-id=\"184bfa2\" data-element_type=\"widget\" data-e-type=\"widget\" data-settings=\"{&quot;_animation&quot;:&quot;zoomIn&quot;,&quot;_animation_delay&quot;:700}\" data-widget_type=\"image-box.default\">\n\t\t\t\t\t<div class=\"elementor-image-box-wrapper\"><figure class=\"elementor-image-box-img\"><img loading=\"lazy\" decoding=\"async\" width=\"431\" height=\"430\" src=\"https:\/\/skandiapartners.com\/wp-content\/uploads\/2024\/06\/Services-8.png\" class=\"attachment-full size-full wp-image-865\" alt=\"\" srcset=\"https:\/\/skandiapartners.com\/wp-content\/uploads\/2024\/06\/Services-8.png 431w, https:\/\/skandiapartners.com\/wp-content\/uploads\/2024\/06\/Services-8-300x300.png 300w, https:\/\/skandiapartners.com\/wp-content\/uploads\/2024\/06\/Services-8-150x150.png 150w\" sizes=\"(max-width: 431px) 100vw, 431px\" \/><\/figure><div class=\"elementor-image-box-content\"><h3 class=\"elementor-image-box-title\">G\u00e6ldsforvaltning<\/h3><p class=\"elementor-image-box-description\">Vi hj\u00e6lper virksomheder med at styre g\u00e6ld, optimere likviditet og \u00f8konomisk planl\u00e6gning.<\/p><\/div><\/div>\t\t\t\t<\/div>\n\t\t\t\t\t<\/div>\n\t\t\t\t<\/div>\n\t\t\t\t<\/div>\n\t\t\t\t\t<\/div>\n\t\t\t\t<\/div>\n\t\t\t\t\t<\/div>\n\t\t\t\t<\/div>\n\t\t<div class=\"elementor-element elementor-element-785ec78 e-flex e-con-boxed wpr-particle-no wpr-jarallax-no wpr-parallax-no wpr-sticky-section-no wpr-equal-height-no e-con e-parent\" data-id=\"785ec78\" data-element_type=\"container\" data-e-type=\"container\" data-settings=\"{&quot;background_background&quot;:&quot;video&quot;,&quot;background_video_link&quot;:&quot;https:\\\/\\\/youtu.be\\\/GguNetv_vb4&quot;,&quot;background_play_on_mobile&quot;:&quot;yes&quot;}\">\n\t\t\t\t\t<div class=\"e-con-inner\">\n\t\t<div class=\"elementor-background-video-container\">\n\t\t\t\t\t\t\t<div class=\"elementor-background-video-embed\" role=\"presentation\"><\/div>\n\t\t\t\t\t\t<\/div>\t\t<div class=\"elementor-element elementor-element-0091782 elementor-invisible elementor-widget elementor-widget-heading\" data-id=\"0091782\" data-element_type=\"widget\" data-e-type=\"widget\" data-settings=\"{&quot;_animation&quot;:&quot;zoomIn&quot;}\" data-widget_type=\"heading.default\">\n\t\t\t\t\t<h2 class=\"elementor-heading-title elementor-size-default\">Forretningsudvikling med professionel ekspansionsplanl\u00e6gning<\/h2>\t\t\t\t<\/div>\n\t\t\t\t\t<\/div>\n\t\t\t\t<\/div>\n\t\t<div class=\"elementor-element elementor-element-7471c24 e-flex e-con-boxed wpr-particle-no wpr-jarallax-no wpr-parallax-no wpr-sticky-section-no wpr-equal-height-no e-con e-parent\" data-id=\"7471c24\" data-element_type=\"container\" data-e-type=\"container\">\n\t\t\t\t\t<div class=\"e-con-inner\">\n\t\t<div class=\"elementor-element elementor-element-0625a3d e-flex e-con-boxed wpr-particle-no wpr-jarallax-no wpr-parallax-no wpr-sticky-section-no wpr-equal-height-no e-con e-child\" data-id=\"0625a3d\" data-element_type=\"container\" data-e-type=\"container\">\n\t\t\t\t\t<div class=\"e-con-inner\">\n\t\t<div class=\"elementor-element elementor-element-a3e647a e-con-full e-flex wpr-particle-no wpr-jarallax-no wpr-parallax-no wpr-sticky-section-no wpr-equal-height-no elementor-invisible e-con e-child\" data-id=\"a3e647a\" data-element_type=\"container\" data-e-type=\"container\" data-settings=\"{&quot;animation&quot;:&quot;slideInLeft&quot;}\">\n\t\t\t\t<div class=\"elementor-element elementor-element-21947c2 elementor-widget elementor-widget-image\" data-id=\"21947c2\" data-element_type=\"widget\" data-e-type=\"widget\" data-widget_type=\"image.default\">\n\t\t\t\t\t\t\t\t\t\t\t\t\t\t\t<img loading=\"lazy\" decoding=\"async\" width=\"700\" height=\"505\" src=\"https:\/\/skandiapartners.com\/wp-content\/uploads\/2024\/06\/img3.jpg\" class=\"attachment-large size-large wp-image-585\" alt=\"\" srcset=\"https:\/\/skandiapartners.com\/wp-content\/uploads\/2024\/06\/img3.jpg 700w, https:\/\/skandiapartners.com\/wp-content\/uploads\/2024\/06\/img3-300x216.jpg 300w\" sizes=\"(max-width: 700px) 100vw, 700px\" \/>\t\t\t\t\t\t\t\t\t\t\t\t\t\t\t<\/div>\n\t\t\t\t<\/div>\n\t\t<div class=\"elementor-element elementor-element-de48e58 e-con-full e-flex wpr-particle-no wpr-jarallax-no wpr-parallax-no wpr-sticky-section-no wpr-equal-height-no elementor-invisible e-con e-child\" data-id=\"de48e58\" data-element_type=\"container\" data-e-type=\"container\" data-settings=\"{&quot;animation&quot;:&quot;slideInRight&quot;}\">\n\t\t\t\t<div class=\"elementor-element elementor-element-7166ec2 elementor-widget elementor-widget-heading\" data-id=\"7166ec2\" data-element_type=\"widget\" data-e-type=\"widget\" data-widget_type=\"heading.default\">\n\t\t\t\t\t<h2 class=\"elementor-heading-title elementor-size-default\">Personlige finansielle l\u00f8sninger\n<\/h2>\t\t\t\t<\/div>\n\t\t\t\t<div class=\"elementor-element elementor-element-380706b elementor-widget elementor-widget-text-editor\" data-id=\"380706b\" data-element_type=\"widget\" data-e-type=\"widget\" data-widget_type=\"text-editor.default\">\n\t\t\t\t\t\t\t\t\t<p>Skandia Partners tilbyder skr\u00e6ddersyede strategier, der hj\u00e6lper virksomheder med at ekspandere globalt, opbygge st\u00e6rke partnerskaber og optimere driften. Vores ekspertise sikrer m\u00e5lbar v\u00e6kst, st\u00e6rkere netv\u00e6rk og b\u00e6redygtig v\u00e6rdi p\u00e5 tv\u00e6rs af internationale markeder.<\/p>\t\t\t\t\t\t\t\t<\/div>\n\t\t\t\t<div class=\"elementor-element elementor-element-97a0ce6 elementor-position-left elementor-vertical-align-middle elementor-widget elementor-widget-image-box\" data-id=\"97a0ce6\" data-element_type=\"widget\" data-e-type=\"widget\" data-widget_type=\"image-box.default\">\n\t\t\t\t\t<div class=\"elementor-image-box-wrapper\"><figure class=\"elementor-image-box-img\"><img loading=\"lazy\" decoding=\"async\" width=\"400\" height=\"400\" src=\"https:\/\/skandiapartners.com\/wp-content\/uploads\/2024\/06\/Financial-6.png\" class=\"attachment-full size-full wp-image-556\" alt=\"\" srcset=\"https:\/\/skandiapartners.com\/wp-content\/uploads\/2024\/06\/Financial-6.png 400w, https:\/\/skandiapartners.com\/wp-content\/uploads\/2024\/06\/Financial-6-300x300.png 300w, https:\/\/skandiapartners.com\/wp-content\/uploads\/2024\/06\/Financial-6-150x150.png 150w\" sizes=\"(max-width: 400px) 100vw, 400px\" \/><\/figure><div class=\"elementor-image-box-content\"><h3 class=\"elementor-image-box-title\">Planl\u00e6gning af markedsadgang<\/h3><\/div><\/div>\t\t\t\t<\/div>\n\t\t\t\t<div class=\"elementor-element elementor-element-2c7f501 elementor-widget-divider--view-line elementor-widget elementor-widget-divider\" data-id=\"2c7f501\" data-element_type=\"widget\" data-e-type=\"widget\" data-widget_type=\"divider.default\">\n\t\t\t\t\t\t\t<div class=\"elementor-divider\">\n\t\t\t<span class=\"elementor-divider-separator\">\n\t\t\t\t\t\t<\/span>\n\t\t<\/div>\n\t\t\t\t\t\t<\/div>\n\t\t\t\t<div class=\"elementor-element elementor-element-ac1c802 elementor-position-left elementor-vertical-align-middle elementor-widget elementor-widget-image-box\" data-id=\"ac1c802\" data-element_type=\"widget\" data-e-type=\"widget\" data-widget_type=\"image-box.default\">\n\t\t\t\t\t<div class=\"elementor-image-box-wrapper\"><figure class=\"elementor-image-box-img\"><img loading=\"lazy\" decoding=\"async\" width=\"400\" height=\"400\" src=\"https:\/\/skandiapartners.com\/wp-content\/uploads\/2024\/06\/Financial-1.png\" class=\"attachment-full size-full wp-image-557\" alt=\"\" srcset=\"https:\/\/skandiapartners.com\/wp-content\/uploads\/2024\/06\/Financial-1.png 400w, https:\/\/skandiapartners.com\/wp-content\/uploads\/2024\/06\/Financial-1-300x300.png 300w, https:\/\/skandiapartners.com\/wp-content\/uploads\/2024\/06\/Financial-1-150x150.png 150w\" sizes=\"(max-width: 400px) 100vw, 400px\" \/><\/figure><div class=\"elementor-image-box-content\"><h3 class=\"elementor-image-box-title\">Strategiske partnerskaber<\/h3><\/div><\/div>\t\t\t\t<\/div>\n\t\t\t\t<div class=\"elementor-element elementor-element-03d3cd0 elementor-widget-divider--view-line elementor-widget elementor-widget-divider\" data-id=\"03d3cd0\" data-element_type=\"widget\" data-e-type=\"widget\" data-widget_type=\"divider.default\">\n\t\t\t\t\t\t\t<div class=\"elementor-divider\">\n\t\t\t<span class=\"elementor-divider-separator\">\n\t\t\t\t\t\t<\/span>\n\t\t<\/div>\n\t\t\t\t\t\t<\/div>\n\t\t\t\t<div class=\"elementor-element elementor-element-a0ed0e1 elementor-position-left elementor-vertical-align-middle elementor-widget elementor-widget-image-box\" data-id=\"a0ed0e1\" data-element_type=\"widget\" data-e-type=\"widget\" data-widget_type=\"image-box.default\">\n\t\t\t\t\t<div class=\"elementor-image-box-wrapper\"><figure class=\"elementor-image-box-img\"><img loading=\"lazy\" decoding=\"async\" width=\"400\" height=\"400\" src=\"https:\/\/skandiapartners.com\/wp-content\/uploads\/2024\/06\/Financial-2.png\" class=\"attachment-full size-full wp-image-558\" alt=\"\" srcset=\"https:\/\/skandiapartners.com\/wp-content\/uploads\/2024\/06\/Financial-2.png 400w, https:\/\/skandiapartners.com\/wp-content\/uploads\/2024\/06\/Financial-2-300x300.png 300w, https:\/\/skandiapartners.com\/wp-content\/uploads\/2024\/06\/Financial-2-150x150.png 150w\" sizes=\"(max-width: 400px) 100vw, 400px\" \/><\/figure><div class=\"elementor-image-box-content\"><h3 class=\"elementor-image-box-title\">V\u00e6kstoptimering<\/h3><\/div><\/div>\t\t\t\t<\/div>\n\t\t\t\t<\/div>\n\t\t\t\t\t<\/div>\n\t\t\t\t<\/div>\n\t\t\t\t\t<\/div>\n\t\t\t\t<\/div>\n\t\t<div class=\"elementor-element elementor-element-0e10698 e-flex e-con-boxed wpr-particle-no wpr-jarallax-no wpr-parallax-no wpr-sticky-section-no wpr-equal-height-no e-con e-parent\" data-id=\"0e10698\" data-element_type=\"container\" data-e-type=\"container\">\n\t\t\t\t\t<div class=\"e-con-inner\">\n\t\t\t\t\t<\/div>\n\t\t\t\t<\/div>\n\t\t<div class=\"elementor-element elementor-element-09559a4 e-flex e-con-boxed wpr-particle-no wpr-jarallax-no wpr-parallax-no wpr-sticky-section-no wpr-equal-height-no e-con e-parent\" data-id=\"09559a4\" data-element_type=\"container\" data-e-type=\"container\">\n\t\t\t\t\t<div class=\"e-con-inner\">\n\t\t\t\t\t<\/div>\n\t\t\t\t<\/div>\n\t\t<div class=\"elementor-element elementor-element-b430b7b e-flex e-con-boxed wpr-particle-no wpr-jarallax-no wpr-parallax-no wpr-sticky-section-no wpr-equal-height-no e-con e-parent\" data-id=\"b430b7b\" data-element_type=\"container\" data-e-type=\"container\">\n\t\t\t\t\t<div class=\"e-con-inner\">\n\t\t\t\t\t<\/div>\n\t\t\t\t<\/div>\n\t\t\t\t<\/div>","protected":false},"excerpt":{"rendered":"<p>Services Professional Services for Strategic Business Growth We help companies expand efficiently with tailored strategies, market research, and partnerships. Nordic insight ensures clarity, measurable results,&lt;br&gt; and sustainable success for every organization we work with. Financial Services We help companies grow through strategy, partnerships, and clear business insight. Business Consulting Our team guides firms to optimize operations, strategy, and global expansion. Investment Services We provide advice on investments, partnerships, and growth opportunities abroad. Entrepreneurial Services Skandia Partners supports startups with strategy, market entry, and partnerships. Wealth Management We assist organizations in managing resources, growth, and strategic planning. Estate Planning We guide companies on succession planning, resource use, and continuity. Insurance Services We advise businesses on risk, protection, and strategies to safeguard growth. Debt Management We help firms manage liabilities, optimize cash flow, and financial planning. Business Development with Professional Expansion Planning Personalized Financial Solutions Skandia Partners provides tailored strategies to help companies expand globally, build strong partnerships, and optimize operations. Our expertise ensures measurable growth, stronger networks, and sustainable value across international markets. Market Entry Planning Strategic Partnerships Growth Optimization<\/p>","protected":false},"author":1,"featured_media":0,"parent":0,"menu_order":0,"comment_status":"closed","ping_status":"closed","template":"elementor_canvas","meta":{"footnotes":""},"class_list":["post-10","page","type-page","status-publish","hentry"],"_hostinger_reach_plugin_has_subscription_block":false,"_hostinger_reach_plugin_is_elementor":false,"_links":{"self":[{"href":"https:\/\/skandiapartners.com\/da\/wp-json\/wp\/v2\/pages\/10","targetHints":{"allow":["GET"]}}],"collection":[{"href":"https:\/\/skandiapartners.com\/da\/wp-json\/wp\/v2\/pages"}],"about":[{"href":"https:\/\/skandiapartners.com\/da\/wp-json\/wp\/v2\/types\/page"}],"author":[{"embeddable":true,"href":"https:\/\/skandiapartners.com\/da\/wp-json\/wp\/v2\/users\/1"}],"replies":[{"embeddable":true,"href":"https:\/\/skandiapartners.com\/da\/wp-json\/wp\/v2\/comments?post=10"}],"version-history":[{"count":3,"href":"https:\/\/skandiapartners.com\/da\/wp-json\/wp\/v2\/pages\/10\/revisions"}],"predecessor-version":[{"id":1299,"href":"https:\/\/skandiapartners.com\/da\/wp-json\/wp\/v2\/pages\/10\/revisions\/1299"}],"wp:attachment":[{"href":"https:\/\/skandiapartners.com\/da\/wp-json\/wp\/v2\/media?parent=10"}],"curies":[{"name":"wp","href":"https:\/\/api.w.org\/{rel}","templated":true}]}}